{"id":665,"date":"2023-05-26T12:51:44","date_gmt":"2023-05-26T12:51:44","guid":{"rendered":"http:\/\/www.pagoda.lt\/truth\/"},"modified":"2023-09-12T12:27:55","modified_gmt":"2023-09-12T12:27:55","slug":"truth","status":"publish","type":"page","link":"https:\/\/pagoda.lt\/lt\/truth\/","title":{"rendered":"KETURIOS TAURIOSIOS TIESOS"},"content":{"rendered":"","protected":false},"excerpt":{"rendered":"","protected":false},"author":2,"featured_media":1439,"parent":0,"menu_order":0,"comment_status":"closed","ping_status":"closed","template":"template-pages\/truth.php","meta":{"_acf_changed":false,"footnotes":""},"class_list":["post-665","page","type-page","status-publish","has-post-thumbnail","hentry"],"acf":[],"yoast_head":"<!-- This site is optimized with the Yoast SEO plugin v27.4 - https:\/\/yoast.com\/product\/yoast-seo-wordpress\/ -->\n<title>Keturios Kilniosios Tiesos - Stupa Namgyal<\/title>\n<meta name=\"description\" content=\"Supa\u017eindinama su pagrindiniais budizmo mokymais, Keturiomis Kilniomis Tiesomis, nagrin\u0117jama kan\u010dios prigimtis, jos prie\u017eastys ir kelias \u012f i\u0161silaisvinim\u0105.\" \/>\n<meta name=\"robots\" content=\"index, follow, max-snippet:-1, max-image-preview:large, max-video-preview:-1\" \/>\n<link rel=\"canonical\" href=\"https:\/\/pagoda.lt\/lt\/truth\/\" \/>\n<meta property=\"og:locale\" content=\"lt_LT\" \/>\n<meta property=\"og:type\" content=\"article\" \/>\n<meta property=\"og:title\" content=\"Keturios Kilniosios Tiesos - Stupa Namgyal\" \/>\n<meta property=\"og:description\" content=\"Supa\u017eindinama su pagrindiniais budizmo mokymais, Keturiomis Kilniomis Tiesomis, nagrin\u0117jama kan\u010dios prigimtis, jos prie\u017eastys ir kelias \u012f i\u0161silaisvinim\u0105.\" \/>\n<meta property=\"og:url\" content=\"https:\/\/pagoda.lt\/lt\/truth\/\" \/>\n<meta property=\"og:site_name\" content=\"Stupa Namgyal\" \/>\n<meta property=\"article:modified_time\" content=\"2023-09-12T12:27:55+00:00\" \/>\n<meta property=\"og:image\" content=\"https:\/\/pagoda.lt\/wp-content\/uploads\/2023\/06\/sergio-capuzzimati-vNCND5zqB6A-unsplash-1-2.png\" \/>\n\t<meta property=\"og:image:width\" content=\"563\" \/>\n\t<meta property=\"og:image:height\" content=\"480\" \/>\n\t<meta property=\"og:image:type\" content=\"image\/png\" \/>\n<meta name=\"twitter:card\" content=\"summary_large_image\" \/>\n<meta name=\"twitter:title\" content=\"Keturios Kilniosios Tiesos - Stupa Namgyal\" \/>\n<meta name=\"twitter:description\" content=\"Supa\u017eindinama su pagrindiniais budizmo mokymais, Keturiomis Kilniomis Tiesomis, nagrin\u0117jama kan\u010dios prigimtis, jos prie\u017eastys ir kelias \u012f i\u0161silaisvinim\u0105.\" \/>\n<meta name=\"twitter:image\" content=\"https:\/\/pagoda.lt\/wp-content\/uploads\/2023\/06\/sergio-capuzzimati-vNCND5zqB6A-unsplash-1-2.png\" \/>\n<script type=\"application\/ld+json\" class=\"yoast-schema-graph\">{\"@context\":\"https:\\\/\\\/schema.org\",\"@graph\":[{\"@type\":\"WebPage\",\"@id\":\"https:\\\/\\\/pagoda.lt\\\/lt\\\/truth\\\/\",\"url\":\"https:\\\/\\\/pagoda.lt\\\/lt\\\/truth\\\/\",\"name\":\"Keturios Kilniosios Tiesos - Stupa Namgyal\",\"isPartOf\":{\"@id\":\"https:\\\/\\\/pagoda.lt\\\/lt\\\/#website\"},\"primaryImageOfPage\":{\"@id\":\"https:\\\/\\\/pagoda.lt\\\/lt\\\/truth\\\/#primaryimage\"},\"image\":{\"@id\":\"https:\\\/\\\/pagoda.lt\\\/lt\\\/truth\\\/#primaryimage\"},\"thumbnailUrl\":\"https:\\\/\\\/pagoda.lt\\\/wp-content\\\/uploads\\\/2023\\\/06\\\/sergio-capuzzimati-vNCND5zqB6A-unsplash-1-2.png\",\"datePublished\":\"2023-05-26T12:51:44+00:00\",\"dateModified\":\"2023-09-12T12:27:55+00:00\",\"description\":\"Supa\u017eindinama su pagrindiniais budizmo mokymais, Keturiomis Kilniomis Tiesomis, nagrin\u0117jama kan\u010dios prigimtis, jos prie\u017eastys ir kelias \u012f i\u0161silaisvinim\u0105.\",\"inLanguage\":\"lt-LT\",\"potentialAction\":[{\"@type\":\"ReadAction\",\"target\":[\"https:\\\/\\\/pagoda.lt\\\/lt\\\/truth\\\/\"]}]},{\"@type\":\"ImageObject\",\"inLanguage\":\"lt-LT\",\"@id\":\"https:\\\/\\\/pagoda.lt\\\/lt\\\/truth\\\/#primaryimage\",\"url\":\"https:\\\/\\\/pagoda.lt\\\/wp-content\\\/uploads\\\/2023\\\/06\\\/sergio-capuzzimati-vNCND5zqB6A-unsplash-1-2.png\",\"contentUrl\":\"https:\\\/\\\/pagoda.lt\\\/wp-content\\\/uploads\\\/2023\\\/06\\\/sergio-capuzzimati-vNCND5zqB6A-unsplash-1-2.png\",\"width\":563,\"height\":480},{\"@type\":\"WebSite\",\"@id\":\"https:\\\/\\\/pagoda.lt\\\/lt\\\/#website\",\"url\":\"https:\\\/\\\/pagoda.lt\\\/lt\\\/\",\"name\":\"Stupa Namgyal\",\"description\":\"Stupa of absolute victory over evil in Lithuania\",\"potentialAction\":[{\"@type\":\"SearchAction\",\"target\":{\"@type\":\"EntryPoint\",\"urlTemplate\":\"https:\\\/\\\/pagoda.lt\\\/lt\\\/?s={search_term_string}\"},\"query-input\":{\"@type\":\"PropertyValueSpecification\",\"valueRequired\":true,\"valueName\":\"search_term_string\"}}],\"inLanguage\":\"lt-LT\"}]}<\/script>\n<!-- \/ Yoast SEO plugin. -->","yoast_head_json":{"title":"Keturios Kilniosios Tiesos - Stupa Namgyal","description":"Supa\u017eindinama su pagrindiniais budizmo mokymais, Keturiomis Kilniomis Tiesomis, nagrin\u0117jama kan\u010dios prigimtis, jos prie\u017eastys ir kelias \u012f i\u0161silaisvinim\u0105.","robots":{"index":"index","follow":"follow","max-snippet":"max-snippet:-1","max-image-preview":"max-image-preview:large","max-video-preview":"max-video-preview:-1"},"canonical":"https:\/\/pagoda.lt\/lt\/truth\/","og_locale":"lt_LT","og_type":"article","og_title":"Keturios Kilniosios Tiesos - Stupa Namgyal","og_description":"Supa\u017eindinama su pagrindiniais budizmo mokymais, Keturiomis Kilniomis Tiesomis, nagrin\u0117jama kan\u010dios prigimtis, jos prie\u017eastys ir kelias \u012f i\u0161silaisvinim\u0105.","og_url":"https:\/\/pagoda.lt\/lt\/truth\/","og_site_name":"Stupa Namgyal","article_modified_time":"2023-09-12T12:27:55+00:00","og_image":[{"width":563,"height":480,"url":"https:\/\/pagoda.lt\/wp-content\/uploads\/2023\/06\/sergio-capuzzimati-vNCND5zqB6A-unsplash-1-2.png","type":"image\/png"}],"twitter_card":"summary_large_image","twitter_title":"Keturios Kilniosios Tiesos - Stupa Namgyal","twitter_description":"Supa\u017eindinama su pagrindiniais budizmo mokymais, Keturiomis Kilniomis Tiesomis, nagrin\u0117jama kan\u010dios prigimtis, jos prie\u017eastys ir kelias \u012f i\u0161silaisvinim\u0105.","twitter_image":"https:\/\/pagoda.lt\/wp-content\/uploads\/2023\/06\/sergio-capuzzimati-vNCND5zqB6A-unsplash-1-2.png","schema":{"@context":"https:\/\/schema.org","@graph":[{"@type":"WebPage","@id":"https:\/\/pagoda.lt\/lt\/truth\/","url":"https:\/\/pagoda.lt\/lt\/truth\/","name":"Keturios Kilniosios Tiesos - Stupa Namgyal","isPartOf":{"@id":"https:\/\/pagoda.lt\/lt\/#website"},"primaryImageOfPage":{"@id":"https:\/\/pagoda.lt\/lt\/truth\/#primaryimage"},"image":{"@id":"https:\/\/pagoda.lt\/lt\/truth\/#primaryimage"},"thumbnailUrl":"https:\/\/pagoda.lt\/wp-content\/uploads\/2023\/06\/sergio-capuzzimati-vNCND5zqB6A-unsplash-1-2.png","datePublished":"2023-05-26T12:51:44+00:00","dateModified":"2023-09-12T12:27:55+00:00","description":"Supa\u017eindinama su pagrindiniais budizmo mokymais, Keturiomis Kilniomis Tiesomis, nagrin\u0117jama kan\u010dios prigimtis, jos prie\u017eastys ir kelias \u012f i\u0161silaisvinim\u0105.","inLanguage":"lt-LT","potentialAction":[{"@type":"ReadAction","target":["https:\/\/pagoda.lt\/lt\/truth\/"]}]},{"@type":"ImageObject","inLanguage":"lt-LT","@id":"https:\/\/pagoda.lt\/lt\/truth\/#primaryimage","url":"https:\/\/pagoda.lt\/wp-content\/uploads\/2023\/06\/sergio-capuzzimati-vNCND5zqB6A-unsplash-1-2.png","contentUrl":"https:\/\/pagoda.lt\/wp-content\/uploads\/2023\/06\/sergio-capuzzimati-vNCND5zqB6A-unsplash-1-2.png","width":563,"height":480},{"@type":"WebSite","@id":"https:\/\/pagoda.lt\/lt\/#website","url":"https:\/\/pagoda.lt\/lt\/","name":"Stupa Namgyal","description":"Stupa of absolute victory over evil in Lithuania","potentialAction":[{"@type":"SearchAction","target":{"@type":"EntryPoint","urlTemplate":"https:\/\/pagoda.lt\/lt\/?s={search_term_string}"},"query-input":{"@type":"PropertyValueSpecification","valueRequired":true,"valueName":"search_term_string"}}],"inLanguage":"lt-LT"}]}},"_links":{"self":[{"href":"https:\/\/pagoda.lt\/lt\/wp-json\/wp\/v2\/pages\/665","targetHints":{"allow":["GET"]}}],"collection":[{"href":"https:\/\/pagoda.lt\/lt\/wp-json\/wp\/v2\/pages"}],"about":[{"href":"https:\/\/pagoda.lt\/lt\/wp-json\/wp\/v2\/types\/page"}],"author":[{"embeddable":true,"href":"https:\/\/pagoda.lt\/lt\/wp-json\/wp\/v2\/users\/2"}],"replies":[{"embeddable":true,"href":"https:\/\/pagoda.lt\/lt\/wp-json\/wp\/v2\/comments?post=665"}],"version-history":[{"count":0,"href":"https:\/\/pagoda.lt\/lt\/wp-json\/wp\/v2\/pages\/665\/revisions"}],"wp:featuredmedia":[{"embeddable":true,"href":"https:\/\/pagoda.lt\/lt\/wp-json\/wp\/v2\/media\/1439"}],"wp:attachment":[{"href":"https:\/\/pagoda.lt\/lt\/wp-json\/wp\/v2\/media?parent=665"}],"curies":[{"name":"wp","href":"https:\/\/api.w.org\/{rel}","templated":true}]}}