{"id":660,"date":"2023-05-25T14:44:05","date_gmt":"2023-05-25T14:44:05","guid":{"rendered":"http:\/\/www.pagoda.lt\/pagoda\/"},"modified":"2023-09-29T06:46:58","modified_gmt":"2023-09-29T06:46:58","slug":"pagoda","status":"publish","type":"page","link":"https:\/\/pagoda.lt\/lt\/pagoda\/","title":{"rendered":"Pagodos lankymas"},"content":{"rendered":"","protected":false},"excerpt":{"rendered":"","protected":false},"author":2,"featured_media":1331,"parent":0,"menu_order":0,"comment_status":"closed","ping_status":"closed","template":"template-pages\/pagoda.php","meta":{"_acf_changed":false,"footnotes":""},"class_list":["post-660","page","type-page","status-publish","has-post-thumbnail","hentry"],"acf":[],"yoast_head":"<!-- This site is optimized with the Yoast SEO plugin v27.4 - https:\/\/yoast.com\/product\/yoast-seo-wordpress\/ -->\n<title>Susisiekite su mumis ir aplankykite Stup\u0105 - Stupa Namgyal<\/title>\n<meta name=\"description\" content=\"Tyrin\u0117kite Namgyal Stup\u0105 Lietuvos Rusok\u0173 kaime. Suplanuokite savo vizit\u0105 ir susisiekite su mumis.\" \/>\n<meta name=\"robots\" content=\"index, follow, max-snippet:-1, max-image-preview:large, max-video-preview:-1\" \/>\n<link rel=\"canonical\" href=\"https:\/\/pagoda.lt\/lt\/pagoda\/\" \/>\n<meta property=\"og:locale\" content=\"lt_LT\" \/>\n<meta property=\"og:type\" content=\"article\" \/>\n<meta property=\"og:title\" content=\"Susisiekite su mumis ir aplankykite Stup\u0105 - Stupa Namgyal\" \/>\n<meta property=\"og:description\" content=\"Tyrin\u0117kite Namgyal Stup\u0105 Lietuvos Rusok\u0173 kaime. Suplanuokite savo vizit\u0105 ir susisiekite su mumis.\" \/>\n<meta property=\"og:url\" content=\"https:\/\/pagoda.lt\/lt\/pagoda\/\" \/>\n<meta property=\"og:site_name\" content=\"Stupa Namgyal\" \/>\n<meta property=\"article:modified_time\" content=\"2023-09-29T06:46:58+00:00\" \/>\n<meta property=\"og:image\" content=\"https:\/\/pagoda.lt\/wp-content\/uploads\/2023\/06\/photo_2023-06-20_11-43-08.jpg\" \/>\n\t<meta property=\"og:image:width\" content=\"960\" \/>\n\t<meta property=\"og:image:height\" content=\"812\" \/>\n\t<meta property=\"og:image:type\" content=\"image\/jpeg\" \/>\n<meta name=\"twitter:card\" content=\"summary_large_image\" \/>\n<meta name=\"twitter:title\" content=\"Susisiekite su mumis ir aplankykite Stup\u0105 - Stupa Namgyal\" \/>\n<meta name=\"twitter:description\" content=\"Tyrin\u0117kite Namgyal Stup\u0105 Lietuvos Rusok\u0173 kaime. Suplanuokite savo vizit\u0105 ir susisiekite su mumis.\" \/>\n<meta name=\"twitter:image\" content=\"https:\/\/pagoda.lt\/wp-content\/uploads\/2023\/06\/photo_2023-06-20_11-43-08.jpg\" \/>\n<script type=\"application\/ld+json\" class=\"yoast-schema-graph\">{\"@context\":\"https:\\\/\\\/schema.org\",\"@graph\":[{\"@type\":\"WebPage\",\"@id\":\"https:\\\/\\\/pagoda.lt\\\/lt\\\/pagoda\\\/\",\"url\":\"https:\\\/\\\/pagoda.lt\\\/lt\\\/pagoda\\\/\",\"name\":\"Susisiekite su mumis ir aplankykite Stup\u0105 - Stupa Namgyal\",\"isPartOf\":{\"@id\":\"https:\\\/\\\/pagoda.lt\\\/lt\\\/#website\"},\"primaryImageOfPage\":{\"@id\":\"https:\\\/\\\/pagoda.lt\\\/lt\\\/pagoda\\\/#primaryimage\"},\"image\":{\"@id\":\"https:\\\/\\\/pagoda.lt\\\/lt\\\/pagoda\\\/#primaryimage\"},\"thumbnailUrl\":\"https:\\\/\\\/pagoda.lt\\\/wp-content\\\/uploads\\\/2023\\\/06\\\/photo_2023-06-20_11-43-08.jpg\",\"datePublished\":\"2023-05-25T14:44:05+00:00\",\"dateModified\":\"2023-09-29T06:46:58+00:00\",\"description\":\"Tyrin\u0117kite Namgyal Stup\u0105 Lietuvos Rusok\u0173 kaime. Suplanuokite savo vizit\u0105 ir susisiekite su mumis.\",\"inLanguage\":\"lt-LT\",\"potentialAction\":[{\"@type\":\"ReadAction\",\"target\":[\"https:\\\/\\\/pagoda.lt\\\/lt\\\/pagoda\\\/\"]}]},{\"@type\":\"ImageObject\",\"inLanguage\":\"lt-LT\",\"@id\":\"https:\\\/\\\/pagoda.lt\\\/lt\\\/pagoda\\\/#primaryimage\",\"url\":\"https:\\\/\\\/pagoda.lt\\\/wp-content\\\/uploads\\\/2023\\\/06\\\/photo_2023-06-20_11-43-08.jpg\",\"contentUrl\":\"https:\\\/\\\/pagoda.lt\\\/wp-content\\\/uploads\\\/2023\\\/06\\\/photo_2023-06-20_11-43-08.jpg\",\"width\":960,\"height\":812},{\"@type\":\"WebSite\",\"@id\":\"https:\\\/\\\/pagoda.lt\\\/lt\\\/#website\",\"url\":\"https:\\\/\\\/pagoda.lt\\\/lt\\\/\",\"name\":\"Stupa Namgyal\",\"description\":\"Stupa of absolute victory over evil in Lithuania\",\"potentialAction\":[{\"@type\":\"SearchAction\",\"target\":{\"@type\":\"EntryPoint\",\"urlTemplate\":\"https:\\\/\\\/pagoda.lt\\\/lt\\\/?s={search_term_string}\"},\"query-input\":{\"@type\":\"PropertyValueSpecification\",\"valueRequired\":true,\"valueName\":\"search_term_string\"}}],\"inLanguage\":\"lt-LT\"}]}<\/script>\n<!-- \/ Yoast SEO plugin. -->","yoast_head_json":{"title":"Susisiekite su mumis ir aplankykite Stup\u0105 - Stupa Namgyal","description":"Tyrin\u0117kite Namgyal Stup\u0105 Lietuvos Rusok\u0173 kaime. Suplanuokite savo vizit\u0105 ir susisiekite su mumis.","robots":{"index":"index","follow":"follow","max-snippet":"max-snippet:-1","max-image-preview":"max-image-preview:large","max-video-preview":"max-video-preview:-1"},"canonical":"https:\/\/pagoda.lt\/lt\/pagoda\/","og_locale":"lt_LT","og_type":"article","og_title":"Susisiekite su mumis ir aplankykite Stup\u0105 - Stupa Namgyal","og_description":"Tyrin\u0117kite Namgyal Stup\u0105 Lietuvos Rusok\u0173 kaime. Suplanuokite savo vizit\u0105 ir susisiekite su mumis.","og_url":"https:\/\/pagoda.lt\/lt\/pagoda\/","og_site_name":"Stupa Namgyal","article_modified_time":"2023-09-29T06:46:58+00:00","og_image":[{"width":960,"height":812,"url":"https:\/\/pagoda.lt\/wp-content\/uploads\/2023\/06\/photo_2023-06-20_11-43-08.jpg","type":"image\/jpeg"}],"twitter_card":"summary_large_image","twitter_title":"Susisiekite su mumis ir aplankykite Stup\u0105 - Stupa Namgyal","twitter_description":"Tyrin\u0117kite Namgyal Stup\u0105 Lietuvos Rusok\u0173 kaime. Suplanuokite savo vizit\u0105 ir susisiekite su mumis.","twitter_image":"https:\/\/pagoda.lt\/wp-content\/uploads\/2023\/06\/photo_2023-06-20_11-43-08.jpg","schema":{"@context":"https:\/\/schema.org","@graph":[{"@type":"WebPage","@id":"https:\/\/pagoda.lt\/lt\/pagoda\/","url":"https:\/\/pagoda.lt\/lt\/pagoda\/","name":"Susisiekite su mumis ir aplankykite Stup\u0105 - Stupa Namgyal","isPartOf":{"@id":"https:\/\/pagoda.lt\/lt\/#website"},"primaryImageOfPage":{"@id":"https:\/\/pagoda.lt\/lt\/pagoda\/#primaryimage"},"image":{"@id":"https:\/\/pagoda.lt\/lt\/pagoda\/#primaryimage"},"thumbnailUrl":"https:\/\/pagoda.lt\/wp-content\/uploads\/2023\/06\/photo_2023-06-20_11-43-08.jpg","datePublished":"2023-05-25T14:44:05+00:00","dateModified":"2023-09-29T06:46:58+00:00","description":"Tyrin\u0117kite Namgyal Stup\u0105 Lietuvos Rusok\u0173 kaime. Suplanuokite savo vizit\u0105 ir susisiekite su mumis.","inLanguage":"lt-LT","potentialAction":[{"@type":"ReadAction","target":["https:\/\/pagoda.lt\/lt\/pagoda\/"]}]},{"@type":"ImageObject","inLanguage":"lt-LT","@id":"https:\/\/pagoda.lt\/lt\/pagoda\/#primaryimage","url":"https:\/\/pagoda.lt\/wp-content\/uploads\/2023\/06\/photo_2023-06-20_11-43-08.jpg","contentUrl":"https:\/\/pagoda.lt\/wp-content\/uploads\/2023\/06\/photo_2023-06-20_11-43-08.jpg","width":960,"height":812},{"@type":"WebSite","@id":"https:\/\/pagoda.lt\/lt\/#website","url":"https:\/\/pagoda.lt\/lt\/","name":"Stupa Namgyal","description":"Stupa of absolute victory over evil in Lithuania","potentialAction":[{"@type":"SearchAction","target":{"@type":"EntryPoint","urlTemplate":"https:\/\/pagoda.lt\/lt\/?s={search_term_string}"},"query-input":{"@type":"PropertyValueSpecification","valueRequired":true,"valueName":"search_term_string"}}],"inLanguage":"lt-LT"}]}},"_links":{"self":[{"href":"https:\/\/pagoda.lt\/lt\/wp-json\/wp\/v2\/pages\/660","targetHints":{"allow":["GET"]}}],"collection":[{"href":"https:\/\/pagoda.lt\/lt\/wp-json\/wp\/v2\/pages"}],"about":[{"href":"https:\/\/pagoda.lt\/lt\/wp-json\/wp\/v2\/types\/page"}],"author":[{"embeddable":true,"href":"https:\/\/pagoda.lt\/lt\/wp-json\/wp\/v2\/users\/2"}],"replies":[{"embeddable":true,"href":"https:\/\/pagoda.lt\/lt\/wp-json\/wp\/v2\/comments?post=660"}],"version-history":[{"count":0,"href":"https:\/\/pagoda.lt\/lt\/wp-json\/wp\/v2\/pages\/660\/revisions"}],"wp:featuredmedia":[{"embeddable":true,"href":"https:\/\/pagoda.lt\/lt\/wp-json\/wp\/v2\/media\/1331"}],"wp:attachment":[{"href":"https:\/\/pagoda.lt\/lt\/wp-json\/wp\/v2\/media?parent=660"}],"curies":[{"name":"wp","href":"https:\/\/api.w.org\/{rel}","templated":true}]}}