{"id":1231,"date":"2023-06-15T16:47:08","date_gmt":"2023-06-15T16:47:08","guid":{"rendered":"http:\/\/www.pagoda.lt\/events\/"},"modified":"2026-04-27T09:57:52","modified_gmt":"2026-04-27T09:57:52","slug":"events","status":"publish","type":"page","link":"https:\/\/pagoda.lt\/lt\/","title":{"rendered":"Pagrindinis puslapis"},"content":{"rendered":"","protected":false},"excerpt":{"rendered":"","protected":false},"author":2,"featured_media":1245,"parent":0,"menu_order":0,"comment_status":"closed","ping_status":"closed","template":"template-pages\/events.php","meta":{"_acf_changed":false,"footnotes":""},"class_list":["post-1231","page","type-page","status-publish","has-post-thumbnail","hentry"],"acf":[],"yoast_head":"<!-- This site is optimized with the Yoast SEO plugin v27.4 - https:\/\/yoast.com\/product\/yoast-seo-wordpress\/ -->\n<title>Stupa Namgyal<\/title>\n<meta name=\"description\" content=\"Atraskite Absoliu\u010dios pergal\u0117s Stupos Lietuvoje Didyb\u0119 - stipryb\u0117s, harmonijos ir transformacijos \u0161altin\u012f.\" \/>\n<meta name=\"robots\" content=\"index, follow, max-snippet:-1, max-image-preview:large, max-video-preview:-1\" \/>\n<link rel=\"canonical\" href=\"https:\/\/pagoda.lt\/lt\/\" \/>\n<meta property=\"og:locale\" content=\"lt_LT\" \/>\n<meta property=\"og:type\" content=\"article\" \/>\n<meta property=\"og:title\" content=\"Stupa Namgyal\" \/>\n<meta property=\"og:description\" content=\"Atraskite Absoliu\u010dios pergal\u0117s Stupos Lietuvoje Didyb\u0119 - stipryb\u0117s, harmonijos ir transformacijos \u0161altin\u012f.\" \/>\n<meta property=\"og:url\" content=\"https:\/\/pagoda.lt\/lt\/\" \/>\n<meta property=\"og:site_name\" content=\"Stupa Namgyal\" \/>\n<meta property=\"article:modified_time\" content=\"2026-04-27T09:57:52+00:00\" \/>\n<meta property=\"og:image\" content=\"http:\/\/pagoda.lt\/wp-content\/uploads\/2023\/06\/350106458_811469147157487_1724475483334831358_n-2.jpg\" \/>\n\t<meta property=\"og:image:width\" content=\"2048\" \/>\n\t<meta property=\"og:image:height\" content=\"1536\" \/>\n\t<meta property=\"og:image:type\" content=\"image\/jpeg\" \/>\n<meta name=\"twitter:card\" content=\"summary_large_image\" \/>\n<meta name=\"twitter:title\" content=\"Stupa Namgyal\" \/>\n<meta name=\"twitter:description\" content=\"Atraskite Absoliu\u010dios pergal\u0117s Stupos Lietuvoje Didyb\u0119 - stipryb\u0117s, harmonijos ir transformacijos \u0161altin\u012f.\" \/>\n<meta name=\"twitter:image\" content=\"https:\/\/pagoda.lt\/wp-content\/uploads\/2023\/06\/350106458_811469147157487_1724475483334831358_n-2.jpg\" \/>\n<meta name=\"twitter:label1\" content=\"Est. reading time\" \/>\n\t<meta name=\"twitter:data1\" content=\"1 minut\u0117\" \/>\n<script type=\"application\/ld+json\" class=\"yoast-schema-graph\">{\"@context\":\"https:\\\/\\\/schema.org\",\"@graph\":[{\"@type\":\"WebPage\",\"@id\":\"https:\\\/\\\/pagoda.lt\\\/lt\\\/\",\"url\":\"https:\\\/\\\/pagoda.lt\\\/lt\\\/\",\"name\":\"Stupa Namgyal\",\"isPartOf\":{\"@id\":\"https:\\\/\\\/pagoda.lt\\\/lt\\\/#website\"},\"primaryImageOfPage\":{\"@id\":\"https:\\\/\\\/pagoda.lt\\\/lt\\\/#primaryimage\"},\"image\":{\"@id\":\"https:\\\/\\\/pagoda.lt\\\/lt\\\/#primaryimage\"},\"thumbnailUrl\":\"https:\\\/\\\/pagoda.lt\\\/wp-content\\\/uploads\\\/2023\\\/06\\\/350106458_811469147157487_1724475483334831358_n-2.jpg\",\"datePublished\":\"2023-06-15T16:47:08+00:00\",\"dateModified\":\"2026-04-27T09:57:52+00:00\",\"description\":\"Atraskite Absoliu\u010dios pergal\u0117s Stupos Lietuvoje Didyb\u0119 - stipryb\u0117s, harmonijos ir transformacijos \u0161altin\u012f.\",\"inLanguage\":\"lt-LT\",\"potentialAction\":[{\"@type\":\"ReadAction\",\"target\":[\"https:\\\/\\\/pagoda.lt\\\/lt\\\/\"]}]},{\"@type\":\"ImageObject\",\"inLanguage\":\"lt-LT\",\"@id\":\"https:\\\/\\\/pagoda.lt\\\/lt\\\/#primaryimage\",\"url\":\"https:\\\/\\\/pagoda.lt\\\/wp-content\\\/uploads\\\/2023\\\/06\\\/350106458_811469147157487_1724475483334831358_n-2.jpg\",\"contentUrl\":\"https:\\\/\\\/pagoda.lt\\\/wp-content\\\/uploads\\\/2023\\\/06\\\/350106458_811469147157487_1724475483334831358_n-2.jpg\",\"width\":2048,\"height\":1536},{\"@type\":\"WebSite\",\"@id\":\"https:\\\/\\\/pagoda.lt\\\/lt\\\/#website\",\"url\":\"https:\\\/\\\/pagoda.lt\\\/lt\\\/\",\"name\":\"Stupa Namgyal\",\"description\":\"Stupa of absolute victory over evil in Lithuania\",\"potentialAction\":[{\"@type\":\"SearchAction\",\"target\":{\"@type\":\"EntryPoint\",\"urlTemplate\":\"https:\\\/\\\/pagoda.lt\\\/lt\\\/?s={search_term_string}\"},\"query-input\":{\"@type\":\"PropertyValueSpecification\",\"valueRequired\":true,\"valueName\":\"search_term_string\"}}],\"inLanguage\":\"lt-LT\"}]}<\/script>\n<!-- \/ Yoast SEO plugin. -->","yoast_head_json":{"title":"Stupa Namgyal","description":"Atraskite Absoliu\u010dios pergal\u0117s Stupos Lietuvoje Didyb\u0119 - stipryb\u0117s, harmonijos ir transformacijos \u0161altin\u012f.","robots":{"index":"index","follow":"follow","max-snippet":"max-snippet:-1","max-image-preview":"max-image-preview:large","max-video-preview":"max-video-preview:-1"},"canonical":"https:\/\/pagoda.lt\/lt\/","og_locale":"lt_LT","og_type":"article","og_title":"Stupa Namgyal","og_description":"Atraskite Absoliu\u010dios pergal\u0117s Stupos Lietuvoje Didyb\u0119 - stipryb\u0117s, harmonijos ir transformacijos \u0161altin\u012f.","og_url":"https:\/\/pagoda.lt\/lt\/","og_site_name":"Stupa Namgyal","article_modified_time":"2026-04-27T09:57:52+00:00","og_image":[{"width":2048,"height":1536,"url":"http:\/\/pagoda.lt\/wp-content\/uploads\/2023\/06\/350106458_811469147157487_1724475483334831358_n-2.jpg","type":"image\/jpeg"}],"twitter_card":"summary_large_image","twitter_title":"Stupa Namgyal","twitter_description":"Atraskite Absoliu\u010dios pergal\u0117s Stupos Lietuvoje Didyb\u0119 - stipryb\u0117s, harmonijos ir transformacijos \u0161altin\u012f.","twitter_image":"https:\/\/pagoda.lt\/wp-content\/uploads\/2023\/06\/350106458_811469147157487_1724475483334831358_n-2.jpg","twitter_misc":{"Est. reading time":"1 minut\u0117"},"schema":{"@context":"https:\/\/schema.org","@graph":[{"@type":"WebPage","@id":"https:\/\/pagoda.lt\/lt\/","url":"https:\/\/pagoda.lt\/lt\/","name":"Stupa Namgyal","isPartOf":{"@id":"https:\/\/pagoda.lt\/lt\/#website"},"primaryImageOfPage":{"@id":"https:\/\/pagoda.lt\/lt\/#primaryimage"},"image":{"@id":"https:\/\/pagoda.lt\/lt\/#primaryimage"},"thumbnailUrl":"https:\/\/pagoda.lt\/wp-content\/uploads\/2023\/06\/350106458_811469147157487_1724475483334831358_n-2.jpg","datePublished":"2023-06-15T16:47:08+00:00","dateModified":"2026-04-27T09:57:52+00:00","description":"Atraskite Absoliu\u010dios pergal\u0117s Stupos Lietuvoje Didyb\u0119 - stipryb\u0117s, harmonijos ir transformacijos \u0161altin\u012f.","inLanguage":"lt-LT","potentialAction":[{"@type":"ReadAction","target":["https:\/\/pagoda.lt\/lt\/"]}]},{"@type":"ImageObject","inLanguage":"lt-LT","@id":"https:\/\/pagoda.lt\/lt\/#primaryimage","url":"https:\/\/pagoda.lt\/wp-content\/uploads\/2023\/06\/350106458_811469147157487_1724475483334831358_n-2.jpg","contentUrl":"https:\/\/pagoda.lt\/wp-content\/uploads\/2023\/06\/350106458_811469147157487_1724475483334831358_n-2.jpg","width":2048,"height":1536},{"@type":"WebSite","@id":"https:\/\/pagoda.lt\/lt\/#website","url":"https:\/\/pagoda.lt\/lt\/","name":"Stupa Namgyal","description":"Stupa of absolute victory over evil in Lithuania","potentialAction":[{"@type":"SearchAction","target":{"@type":"EntryPoint","urlTemplate":"https:\/\/pagoda.lt\/lt\/?s={search_term_string}"},"query-input":{"@type":"PropertyValueSpecification","valueRequired":true,"valueName":"search_term_string"}}],"inLanguage":"lt-LT"}]}},"_links":{"self":[{"href":"https:\/\/pagoda.lt\/lt\/wp-json\/wp\/v2\/pages\/1231","targetHints":{"allow":["GET"]}}],"collection":[{"href":"https:\/\/pagoda.lt\/lt\/wp-json\/wp\/v2\/pages"}],"about":[{"href":"https:\/\/pagoda.lt\/lt\/wp-json\/wp\/v2\/types\/page"}],"author":[{"embeddable":true,"href":"https:\/\/pagoda.lt\/lt\/wp-json\/wp\/v2\/users\/2"}],"replies":[{"embeddable":true,"href":"https:\/\/pagoda.lt\/lt\/wp-json\/wp\/v2\/comments?post=1231"}],"version-history":[{"count":2,"href":"https:\/\/pagoda.lt\/lt\/wp-json\/wp\/v2\/pages\/1231\/revisions"}],"predecessor-version":[{"id":2993,"href":"https:\/\/pagoda.lt\/lt\/wp-json\/wp\/v2\/pages\/1231\/revisions\/2993"}],"wp:featuredmedia":[{"embeddable":true,"href":"https:\/\/pagoda.lt\/lt\/wp-json\/wp\/v2\/media\/1245"}],"wp:attachment":[{"href":"https:\/\/pagoda.lt\/lt\/wp-json\/wp\/v2\/media?parent=1231"}],"curies":[{"name":"wp","href":"https:\/\/api.w.org\/{rel}","templated":true}]}}